{"id":27728,"date":"2023-12-21T13:13:39","date_gmt":"2023-12-21T18:13:39","guid":{"rendered":"https:\/\/staging.quesada.ca\/franchisage-faq\/"},"modified":"2024-02-21T08:08:04","modified_gmt":"2024-02-21T13:08:04","slug":"franchisage-faq","status":"publish","type":"page","link":"https:\/\/quesada.ca\/fr\/franchisage-faq\/","title":{"rendered":"FAQ des franchis\u00e9s"},"content":{"rendered":"<p><div class=\"fusion-fullwidth fullwidth-box fusion-builder-row-1 fusion-flex-container has-pattern-background has-mask-background fusion-parallax-none nonhundred-percent-fullwidth non-hundred-percent-height-scrolling\" style=\"--awb-background-position:right top;--awb-border-radius-top-left:0px;--awb-border-radius-top-right:0px;--awb-border-radius-bottom-right:0px;--awb-border-radius-bottom-left:0px;--awb-padding-top:25px;--awb-padding-bottom:50px;--awb-min-height:250px;--awb-background-image:url(&quot;http:\/\/quesada.ca\/wp-content\/uploads\/2024\/01\/franchis_FAQ_banner-1-1-1.jpg&quot;);--awb-background-size:cover;--awb-flex-wrap:wrap;\" ><div class=\"fusion-builder-row fusion-row fusion-flex-align-items-flex-start fusion-flex-align-content-center fusion-flex-content-wrap\" style=\"max-width:1456px;margin-left: calc(-4% \/ 2 );margin-right: calc(-4% \/ 2 );\"><div class=\"fusion-layout-column fusion_builder_column fusion-builder-column-0 fusion_builder_column_1_1 1_1 fusion-flex-column\" style=\"--awb-bg-size:cover;--awb-width-large:100%;--awb-margin-top-large:0px;--awb-spacing-right-large:1.92%;--awb-margin-bottom-large:0px;--awb-spacing-left-large:1.92%;--awb-width-medium:100%;--awb-order-medium:0;--awb-spacing-right-medium:1.92%;--awb-spacing-left-medium:1.92%;--awb-width-small:100%;--awb-order-small:0;--awb-spacing-right-small:1.92%;--awb-spacing-left-small:1.92%;\"><div class=\"fusion-column-wrapper fusion-column-has-shadow fusion-flex-justify-content-flex-start fusion-content-layout-column\"><div class=\"fusion-title title fusion-title-1 fusion-sep-none fusion-title-center fusion-title-text fusion-title-size-one title-with-stroke\" style=\"--awb-text-color:var(--awb-color3);\"><h1 class=\"fusion-title-heading title-heading-center fusion-responsive-typography-calculated\" style=\"margin:0;--fontSize:70;line-height:var(--awb-typography1-line-height);\">FAQ des franchis\u00e9s<\/h1><\/div><\/div><\/div><\/div><\/div><div class=\"fusion-fullwidth fullwidth-box fusion-builder-row-2 fusion-flex-container has-pattern-background has-mask-background nonhundred-percent-fullwidth non-hundred-percent-height-scrolling\" style=\"--awb-border-radius-top-left:0px;--awb-border-radius-top-right:0px;--awb-border-radius-bottom-right:0px;--awb-border-radius-bottom-left:0px;--awb-padding-top:75px;--awb-padding-bottom:0px;--awb-flex-wrap:wrap;\" ><div class=\"fusion-builder-row fusion-row fusion-flex-align-items-flex-start fusion-flex-content-wrap\" style=\"max-width:1456px;margin-left: calc(-4% \/ 2 );margin-right: calc(-4% \/ 2 );\"><div class=\"fusion-layout-column fusion_builder_column fusion-builder-column-1 fusion_builder_column_1_2 1_2 fusion-flex-column\" style=\"--awb-bg-size:cover;--awb-width-large:50%;--awb-margin-top-large:0px;--awb-spacing-right-large:3.84%;--awb-margin-bottom-large:0px;--awb-spacing-left-large:3.84%;--awb-width-medium:100%;--awb-order-medium:0;--awb-spacing-right-medium:1.92%;--awb-spacing-left-medium:1.92%;--awb-width-small:100%;--awb-order-small:0;--awb-spacing-right-small:1.92%;--awb-spacing-left-small:1.92%;\"><div class=\"fusion-column-wrapper fusion-column-has-shadow fusion-flex-justify-content-flex-start fusion-content-layout-column\"><div class=\"accordian fusion-accordian\" style=\"--awb-padding-bottom:15px;--awb-border-size:1px;--awb-icon-size:16px;--awb-content-font-size:var(--awb-typography4-font-size);--awb-icon-alignment:left;--awb-hover-color:var(--awb-color2);--awb-border-color:var(--awb-color5);--awb-background-color:var(--awb-color1);--awb-divider-color:var(--awb-color3);--awb-divider-hover-color:var(--awb-color3);--awb-icon-color:var(--awb-color1);--awb-title-color:var(--awb-color3);--awb-content-color:var(--awb-color8);--awb-icon-box-color:var(--awb-color5);--awb-toggle-hover-accent-color:var(--awb-color5);--awb-toggle-active-accent-color:var(--awb-color5);--awb-title-font-family:&quot;ProximaNova-Bold&quot;;--awb-title-font-weight:400;--awb-title-font-style:normal;--awb-title-font-size:1em;--awb-title-text-transform:uppercase;--awb-content-font-family:var(--awb-typography4-font-family);--awb-content-font-weight:var(--awb-typography4-font-weight);--awb-content-font-style:var(--awb-typography4-font-style);\"><div class=\"panel-group fusion-toggle-icon-boxed\" id=\"accordion-27728-1\"><div class=\"fusion-panel panel-default panel-54545c3b6f2261d2d fusion-toggle-no-divider\"><div class=\"panel-heading\"><h2 class=\"panel-title toggle\" id=\"toggle_54545c3b6f2261d2d\"><a aria-expanded=\"false\" aria-controls=\"54545c3b6f2261d2d\" role=\"button\" data-toggle=\"collapse\" data-parent=\"#accordion-27728-1\" data-target=\"#54545c3b6f2261d2d\" href=\"#54545c3b6f2261d2d\"><span class=\"fusion-toggle-icon-wrapper\" aria-hidden=\"true\"><i class=\"fa-fusion-box active-icon fa-minus fas\" aria-hidden=\"true\"><\/i><i class=\"fa-fusion-box inactive-icon awb-icon-plus\" aria-hidden=\"true\"><\/i><\/span><span class=\"fusion-toggle-heading\">Quel est le montant des frais de franchise?<\/span><\/a><\/h2><\/div><div id=\"54545c3b6f2261d2d\" class=\"panel-collapse collapse \" aria-labelledby=\"toggle_54545c3b6f2261d2d\"><div class=\"panel-body toggle-content fusion-clearfix\">Des frais uniques de 30 000 $ pour la dur\u00e9e initiale du contrat de franchise, qui s\u2019\u00e9tend parall\u00e8lement \u00e0 la dur\u00e9e initiale du bail.<\/div><\/div><\/div><div class=\"fusion-panel panel-default panel-ca2006f1a04c9a463 fusion-toggle-no-divider\"><div class=\"panel-heading\"><h2 class=\"panel-title toggle\" id=\"toggle_ca2006f1a04c9a463\"><a aria-expanded=\"false\" aria-controls=\"ca2006f1a04c9a463\" role=\"button\" data-toggle=\"collapse\" data-parent=\"#accordion-27728-1\" data-target=\"#ca2006f1a04c9a463\" href=\"#ca2006f1a04c9a463\"><span class=\"fusion-toggle-icon-wrapper\" aria-hidden=\"true\"><i class=\"fa-fusion-box active-icon fa-minus fas\" aria-hidden=\"true\"><\/i><i class=\"fa-fusion-box inactive-icon awb-icon-plus\" aria-hidden=\"true\"><\/i><\/span><span class=\"fusion-toggle-heading\">Quel est le co\u00fbt de l&#039;am\u00e9nagement d&#039;un emplacement?<\/span><\/a><\/h2><\/div><div id=\"ca2006f1a04c9a463\" class=\"panel-collapse collapse \" aria-labelledby=\"toggle_ca2006f1a04c9a463\"><div class=\"panel-body toggle-content fusion-clearfix\">Le co\u00fbt peut varier en fonction de la taille, de l\u2019\u00e9tat de l\u2019espace et des travaux inclus par le propri\u00e9taire. Des informations plus d\u00e9taill\u00e9es concernant ces estimations et les co\u00fbts de d\u00e9marrage global seront disponibles dans le Document de divulgation de Quesada.<\/div><\/div><\/div><div class=\"fusion-panel panel-default panel-51b3d92a4fb2a24f2 fusion-toggle-no-divider\"><div class=\"panel-heading\"><h2 class=\"panel-title toggle\" id=\"toggle_51b3d92a4fb2a24f2\"><a aria-expanded=\"false\" aria-controls=\"51b3d92a4fb2a24f2\" role=\"button\" data-toggle=\"collapse\" data-parent=\"#accordion-27728-1\" data-target=\"#51b3d92a4fb2a24f2\" href=\"#51b3d92a4fb2a24f2\"><span class=\"fusion-toggle-icon-wrapper\" aria-hidden=\"true\"><i class=\"fa-fusion-box active-icon fa-minus fas\" aria-hidden=\"true\"><\/i><i class=\"fa-fusion-box inactive-icon awb-icon-plus\" aria-hidden=\"true\"><\/i><\/span><span class=\"fusion-toggle-heading\">Quel serait le montant minimum de liquidit\u00e9s requis?<\/span><\/a><\/h2><\/div><div id=\"51b3d92a4fb2a24f2\" class=\"panel-collapse collapse \" aria-labelledby=\"toggle_51b3d92a4fb2a24f2\"><div class=\"panel-body toggle-content fusion-clearfix\">$180,000<\/div><\/div><\/div><div class=\"fusion-panel panel-default panel-d6a68ea3e288512c9 fusion-toggle-no-divider\"><div class=\"panel-heading\"><h2 class=\"panel-title toggle\" id=\"toggle_d6a68ea3e288512c9\"><a aria-expanded=\"false\" aria-controls=\"d6a68ea3e288512c9\" role=\"button\" data-toggle=\"collapse\" data-parent=\"#accordion-27728-1\" data-target=\"#d6a68ea3e288512c9\" href=\"#d6a68ea3e288512c9\"><span class=\"fusion-toggle-icon-wrapper\" aria-hidden=\"true\"><i class=\"fa-fusion-box active-icon fa-minus fas\" aria-hidden=\"true\"><\/i><i class=\"fa-fusion-box inactive-icon awb-icon-plus\" aria-hidden=\"true\"><\/i><\/span><span class=\"fusion-toggle-heading\">Quesada propose-t-elle un financement pour le solde de l&#039;investissement?<\/span><\/a><\/h2><\/div><div id=\"d6a68ea3e288512c9\" class=\"panel-collapse collapse \" aria-labelledby=\"toggle_d6a68ea3e288512c9\"><div class=\"panel-body toggle-content fusion-clearfix\">Quesada n&rsquo;offre pas de financement, mais toutes les banques canadiennes offrent du financement aux franchis\u00e9s Quesada qualifi\u00e9s. Vous pouvez contacter un sp\u00e9cialiste qui vous aidera \u00e0 pr\u00e9senter votre plan d&rsquo;affaires \u00e0 la banque une fois que vous aurez trouv\u00e9 un emplacement et obtenu un bail.<\/div><\/div><\/div><div class=\"fusion-panel panel-default panel-866d7be5bce04f681 fusion-toggle-no-divider\"><div class=\"panel-heading\"><h2 class=\"panel-title toggle\" id=\"toggle_866d7be5bce04f681\"><a aria-expanded=\"false\" aria-controls=\"866d7be5bce04f681\" role=\"button\" data-toggle=\"collapse\" data-parent=\"#accordion-27728-1\" data-target=\"#866d7be5bce04f681\" href=\"#866d7be5bce04f681\"><span class=\"fusion-toggle-icon-wrapper\" aria-hidden=\"true\"><i class=\"fa-fusion-box active-icon fa-minus fas\" aria-hidden=\"true\"><\/i><i class=\"fa-fusion-box inactive-icon awb-icon-plus\" aria-hidden=\"true\"><\/i><\/span><span class=\"fusion-toggle-heading\">Comment trouver un emplacement adapt\u00e9?<\/span><\/a><\/h2><\/div><div id=\"866d7be5bce04f681\" class=\"panel-collapse collapse \" aria-labelledby=\"toggle_866d7be5bce04f681\"><div class=\"panel-body toggle-content fusion-clearfix\">Nous travaillerons ensemble pour trouver un site adapt\u00e9.<\/div><\/div><\/div><div class=\"fusion-panel panel-default panel-5288e12d5d8757d6d fusion-toggle-no-divider\"><div class=\"panel-heading\"><h2 class=\"panel-title toggle\" id=\"toggle_5288e12d5d8757d6d\"><a aria-expanded=\"false\" aria-controls=\"5288e12d5d8757d6d\" role=\"button\" data-toggle=\"collapse\" data-parent=\"#accordion-27728-1\" data-target=\"#5288e12d5d8757d6d\" href=\"#5288e12d5d8757d6d\"><span class=\"fusion-toggle-icon-wrapper\" aria-hidden=\"true\"><i class=\"fa-fusion-box active-icon fa-minus fas\" aria-hidden=\"true\"><\/i><i class=\"fa-fusion-box inactive-icon awb-icon-plus\" aria-hidden=\"true\"><\/i><\/span><span class=\"fusion-toggle-heading\">Suis-je responsable de la n\u00e9gociation et de l&#039;examen du bail?<\/span><\/a><\/h2><\/div><div id=\"5288e12d5d8757d6d\" class=\"panel-collapse collapse \" aria-labelledby=\"toggle_5288e12d5d8757d6d\"><div class=\"panel-body toggle-content fusion-clearfix\">Une fois que vous et Quesada avez convenu mutuellement du site et que vous \u00eates satisfait des conditions g\u00e9n\u00e9rales, nous pouvons vous aider lors de la n\u00e9gociation de \u201cl\u2019offre de location \u00bb et de votre lettre d\u2019intention pour avancer avec un bail. C\u2019est \u00e0 ce moment-l\u00e0 que nous vous recommandons de faire examiner l\u2019ensemble du bail par votre conseiller juridique avant de le signer directement avec le propri\u00e9taire.<\/div><\/div><\/div><\/div><\/div><\/div><\/div><div class=\"fusion-layout-column fusion_builder_column fusion-builder-column-2 fusion_builder_column_1_2 1_2 fusion-flex-column\" style=\"--awb-bg-size:cover;--awb-width-large:50%;--awb-margin-top-large:0px;--awb-spacing-right-large:3.84%;--awb-margin-bottom-large:0px;--awb-spacing-left-large:3.84%;--awb-width-medium:100%;--awb-order-medium:0;--awb-spacing-right-medium:1.92%;--awb-spacing-left-medium:1.92%;--awb-width-small:100%;--awb-order-small:0;--awb-spacing-right-small:1.92%;--awb-spacing-left-small:1.92%;\"><div class=\"fusion-column-wrapper fusion-column-has-shadow fusion-flex-justify-content-flex-start fusion-content-layout-column\"><div class=\"accordian fusion-accordian\" style=\"--awb-padding-bottom:15px;--awb-border-size:1px;--awb-icon-size:16px;--awb-content-font-size:var(--awb-typography4-font-size);--awb-icon-alignment:left;--awb-hover-color:var(--awb-color2);--awb-border-color:var(--awb-color5);--awb-background-color:var(--awb-color1);--awb-divider-color:var(--awb-color3);--awb-divider-hover-color:var(--awb-color3);--awb-icon-color:var(--awb-color1);--awb-title-color:var(--awb-color3);--awb-content-color:var(--awb-color8);--awb-icon-box-color:var(--awb-color5);--awb-toggle-hover-accent-color:var(--awb-color5);--awb-toggle-active-accent-color:var(--awb-color5);--awb-title-font-family:&quot;ProximaNova-Bold&quot;;--awb-title-font-weight:400;--awb-title-font-style:normal;--awb-title-font-size:1em;--awb-title-text-transform:uppercase;--awb-content-font-family:var(--awb-typography4-font-family);--awb-content-font-weight:var(--awb-typography4-font-weight);--awb-content-font-style:var(--awb-typography4-font-style);\"><div class=\"panel-group fusion-toggle-icon-boxed\" id=\"accordion-27728-2\"><div class=\"fusion-panel panel-default panel-14f1d86d65c3229ce fusion-toggle-no-divider\"><div class=\"panel-heading\"><h2 class=\"panel-title toggle\" id=\"toggle_14f1d86d65c3229ce\"><a aria-expanded=\"false\" aria-controls=\"14f1d86d65c3229ce\" role=\"button\" data-toggle=\"collapse\" data-parent=\"#accordion-27728-2\" data-target=\"#14f1d86d65c3229ce\" href=\"#14f1d86d65c3229ce\"><span class=\"fusion-toggle-icon-wrapper\" aria-hidden=\"true\"><i class=\"fa-fusion-box active-icon fa-minus fas\" aria-hidden=\"true\"><\/i><i class=\"fa-fusion-box inactive-icon awb-icon-plus\" aria-hidden=\"true\"><\/i><\/span><span class=\"fusion-toggle-heading\">O\u00f9 puis-je acheter mes aliments, emballages et fournitures?<\/span><\/a><\/h2><\/div><div id=\"14f1d86d65c3229ce\" class=\"panel-collapse collapse \" aria-labelledby=\"toggle_14f1d86d65c3229ce\"><div class=\"panel-body toggle-content fusion-clearfix\">Quesada a des contrats avec les principaux distributeurs canadiens pour fournir tout ce dont vous avez besoin pour exploiter votre restaurant.<\/div><\/div><\/div><div class=\"fusion-panel panel-default panel-b3248ce6f40ab6074 fusion-toggle-no-divider\"><div class=\"panel-heading\"><h2 class=\"panel-title toggle\" id=\"toggle_b3248ce6f40ab6074\"><a aria-expanded=\"false\" aria-controls=\"b3248ce6f40ab6074\" role=\"button\" data-toggle=\"collapse\" data-parent=\"#accordion-27728-2\" data-target=\"#b3248ce6f40ab6074\" href=\"#b3248ce6f40ab6074\"><span class=\"fusion-toggle-icon-wrapper\" aria-hidden=\"true\"><i class=\"fa-fusion-box active-icon fa-minus fas\" aria-hidden=\"true\"><\/i><i class=\"fa-fusion-box inactive-icon awb-icon-plus\" aria-hidden=\"true\"><\/i><\/span><span class=\"fusion-toggle-heading\">Quels types de formation et de soutien continus sont offerts par le franchiseur?<\/span><\/a><\/h2><\/div><div id=\"b3248ce6f40ab6074\" class=\"panel-collapse collapse \" aria-labelledby=\"toggle_b3248ce6f40ab6074\"><div class=\"panel-body toggle-content fusion-clearfix\">La formation est assur\u00e9e par notre \u00e9quipe op\u00e9rationnelle interne et\/ou par nos d\u00e9veloppeurs r\u00e9gionaux. Les franchis\u00e9s re\u00e7oivent le meilleur support strat\u00e9gique sur la mani\u00e8re de g\u00e9rer l\u2019entreprise, de minimiser les co\u00fbts\u2026 et d\u2019augmenter les revenus. Vous commencerez par une pr\u00e9-formation \u00e0 l\u2019Acad\u00e9mie en ligne de Quesada, suivie d\u2019un programme de formation complet de deux semaines (dont un week-end) dans un restaurant de formation r\u00e9gional. Un soutien continu est assur\u00e9 par Quesada College, notre \u00e9quipe op\u00e9rationnelle et, le cas \u00e9ch\u00e9ant, par votre d\u00e9veloppeur r\u00e9gional.<\/div><\/div><\/div><div class=\"fusion-panel panel-default panel-9fbe4891e59d24906 fusion-toggle-no-divider\"><div class=\"panel-heading\"><h2 class=\"panel-title toggle\" id=\"toggle_9fbe4891e59d24906\"><a aria-expanded=\"false\" aria-controls=\"9fbe4891e59d24906\" role=\"button\" data-toggle=\"collapse\" data-parent=\"#accordion-27728-2\" data-target=\"#9fbe4891e59d24906\" href=\"#9fbe4891e59d24906\"><span class=\"fusion-toggle-icon-wrapper\" aria-hidden=\"true\"><i class=\"fa-fusion-box active-icon fa-minus fas\" aria-hidden=\"true\"><\/i><i class=\"fa-fusion-box inactive-icon awb-icon-plus\" aria-hidden=\"true\"><\/i><\/span><span class=\"fusion-toggle-heading\">Quesada est-il ouvert \u00e0 l&#039;opinion de ses franchis\u00e9s sur le terrain?<\/span><\/a><\/h2><\/div><div id=\"9fbe4891e59d24906\" class=\"panel-collapse collapse \" aria-labelledby=\"toggle_9fbe4891e59d24906\"><div class=\"panel-body toggle-content fusion-clearfix\">Le succ\u00e8s de Quesada est le fruit d\u2019un v\u00e9ritable effort d\u2019\u00e9quipe bas\u00e9 sur la collaboration. Le succ\u00e8s de Quesada est le fruit d\u2019un v\u00e9ritable effort d\u2019\u00e9quipe bas\u00e9 sur la collaboration. Les franchis\u00e9s contribuent r\u00e9guli\u00e8rement \u00e0 l\u2019am\u00e9lioration du syst\u00e8me global de l\u2019entreprise et font partie du Conseil consultatif des franchis\u00e9s (FAB). Des \u00e9quipements aux achats, de la publicit\u00e9 \u00e0 la formation, les franchis\u00e9s peuvent donner leur point de vue dans le but d\u2019am\u00e9liorer l\u2019exp\u00e9rience Quesada. Nous reconnaissons la valeur de nos franchis\u00e9s et de leur exp\u00e9rience de premi\u00e8re ligne. Le respect mutuel, l\u2019int\u00e9grit\u00e9 personnelle et le travail d\u2019\u00e9quipe sont essentiels pour atteindre nos objectifs communs. Sur la base de leur propre enqu\u00eate aupr\u00e8s des franchis\u00e9s de Quesada, l\u2019Association canadienne de la franchise a d\u00e9cern\u00e9 \u00e0 Quesada son prestigieux prix \u00ab Franchisee\u2019s Choice \u00bb en 2016 et \u00e0 nouveau en 2017.<\/div><\/div><\/div><div class=\"fusion-panel panel-default panel-ff545becc02d7e19c fusion-toggle-no-divider\"><div class=\"panel-heading\"><h2 class=\"panel-title toggle\" id=\"toggle_ff545becc02d7e19c\"><a aria-expanded=\"false\" aria-controls=\"ff545becc02d7e19c\" role=\"button\" data-toggle=\"collapse\" data-parent=\"#accordion-27728-2\" data-target=\"#ff545becc02d7e19c\" href=\"#ff545becc02d7e19c\"><span class=\"fusion-toggle-icon-wrapper\" aria-hidden=\"true\"><i class=\"fa-fusion-box active-icon fa-minus fas\" aria-hidden=\"true\"><\/i><i class=\"fa-fusion-box inactive-icon awb-icon-plus\" aria-hidden=\"true\"><\/i><\/span><span class=\"fusion-toggle-heading\">Puis-je poss\u00e9der plus d&#039;un emplacement Quesada?<\/span><\/a><\/h2><\/div><div id=\"ff545becc02d7e19c\" class=\"panel-collapse collapse \" aria-labelledby=\"toggle_ff545becc02d7e19c\"><div class=\"panel-body toggle-content fusion-clearfix\">Notre objectif est de vous permettre de grandir. Plus de 50 % de nos franchis\u00e9s deviennent des exploitants de plusieurs restaurants. Nous nous assurons que les franchis\u00e9s disposent des outils, du soutien et de l\u2019encouragement n\u00e9cessaires pour r\u00e9ussir rapidement leur premier restaurant, afin qu\u2019ils puissent rapidement ouvrir d\u2019autres emplacements.<\/div><\/div><\/div><div class=\"fusion-panel panel-default panel-240e2d7b58baa8d47 fusion-toggle-no-divider\"><div class=\"panel-heading\"><h2 class=\"panel-title toggle\" id=\"toggle_240e2d7b58baa8d47\"><a aria-expanded=\"false\" aria-controls=\"240e2d7b58baa8d47\" role=\"button\" data-toggle=\"collapse\" data-parent=\"#accordion-27728-2\" data-target=\"#240e2d7b58baa8d47\" href=\"#240e2d7b58baa8d47\"><span class=\"fusion-toggle-icon-wrapper\" aria-hidden=\"true\"><i class=\"fa-fusion-box active-icon fa-minus fas\" aria-hidden=\"true\"><\/i><i class=\"fa-fusion-box inactive-icon awb-icon-plus\" aria-hidden=\"true\"><\/i><\/span><span class=\"fusion-toggle-heading\">Quelles sont les prochaines \u00e9tapes?<\/span><\/a><\/h2><\/div><div id=\"240e2d7b58baa8d47\" class=\"panel-collapse collapse \" aria-labelledby=\"toggle_240e2d7b58baa8d47\"><div class=\"panel-body toggle-content fusion-clearfix\">Cliquez sur le lien \u00ab Lancez-vous \u00bb ci-dessous et remplissez le formulaire en ligne. Un repr\u00e9sentant de Quesada vous contactera pour discuter de votre admissibilit\u00e9 \u00e0 une franchise Quesada. En fonction du r\u00e9sultat de cette conversation et des tests en ligne, vous pourrez ensuite rencontrer votre repr\u00e9sentant et notre vice-pr\u00e9sident de la marque. Cela peut se faire dans l\u2019un de nos restaurants ou virtuellement afin que vous puissiez apprendre \u00e0 vous conna\u00eetre. Ils r\u00e9pondront \u00e0 toutes vos questions, y compris celles auxquelles vous n\u2019avez pas pens\u00e9, lors de cette r\u00e9union. Si vous \u00eates accept\u00e9 en tant que candidat \u00e0 une franchise, vous recevrez un document de divulgation de franchise Quesada. Il s\u2019agit d\u2019une divulgation approfondie des informations essentielles \u00e0 votre d\u00e9cision d\u2019investir dans une franchise Quesada. Vous ne pouvez pas signer de contrat et Quesada n\u2019acceptera aucun paiement avant l\u2019expiration d\u2019au moins deux semaines apr\u00e8s r\u00e9ception de ce document.<\/div><\/div><\/div><\/div><\/div><\/div><\/div><\/div><\/div><div class=\"fusion-fullwidth fullwidth-box fusion-builder-row-3 fusion-flex-container has-pattern-background has-mask-background nonhundred-percent-fullwidth non-hundred-percent-height-scrolling\" style=\"--awb-border-radius-top-left:0px;--awb-border-radius-top-right:0px;--awb-border-radius-bottom-right:0px;--awb-border-radius-bottom-left:0px;--awb-padding-top:75px;--awb-padding-bottom:75px;--awb-flex-wrap:wrap;\" ><div class=\"fusion-builder-row fusion-row fusion-flex-align-items-center fusion-flex-justify-content-center fusion-flex-content-wrap\" style=\"max-width:1456px;margin-left: calc(-4% \/ 2 );margin-right: calc(-4% \/ 2 );\"><div class=\"fusion-layout-column fusion_builder_column fusion-builder-column-3 fusion_builder_column_2_5 2_5 fusion-flex-column\" style=\"--awb-bg-size:cover;--awb-width-large:40%;--awb-margin-top-large:0px;--awb-spacing-right-large:4.8%;--awb-margin-bottom-large:0px;--awb-spacing-left-large:4.8%;--awb-width-medium:40%;--awb-order-medium:0;--awb-spacing-right-medium:4.8%;--awb-spacing-left-medium:4.8%;--awb-width-small:75%;--awb-order-small:0;--awb-spacing-right-small:2.56%;--awb-spacing-left-small:2.56%;\"><div class=\"fusion-column-wrapper fusion-column-has-shadow fusion-flex-justify-content-flex-start fusion-content-layout-column\"><div class=\"fusion-image-element sm-text-align-center\" style=\"--awb-max-width:500px;--awb-caption-title-font-family:var(--h2_typography-font-family);--awb-caption-title-font-weight:var(--h2_typography-font-weight);--awb-caption-title-font-style:var(--h2_typography-font-style);--awb-caption-title-size:var(--h2_typography-font-size);--awb-caption-title-transform:var(--h2_typography-text-transform);--awb-caption-title-line-height:var(--h2_typography-line-height);--awb-caption-title-letter-spacing:var(--h2_typography-letter-spacing);\"><span class=\" fusion-imageframe imageframe-none imageframe-1 hover-type-none\"><img loading=\"lazy\" decoding=\"async\" width=\"800\" height=\"658\" alt=\"Burrito de tofu coup\u00e9 en deux\" title=\"Burrito de tofu coup\u00e9 en deux\" src=\"http:\/\/quesada.ca\/wp-content\/uploads\/2024\/01\/burritos-tofu-1.png\" class=\"img-responsive wp-image-26597\" srcset=\"https:\/\/quesada.ca\/wp-content\/uploads\/2024\/01\/burritos-tofu-1-200x165.png 200w, https:\/\/quesada.ca\/wp-content\/uploads\/2024\/01\/burritos-tofu-1-400x329.png 400w, https:\/\/quesada.ca\/wp-content\/uploads\/2024\/01\/burritos-tofu-1-600x494.png 600w, https:\/\/quesada.ca\/wp-content\/uploads\/2024\/01\/burritos-tofu-1.png 800w\" sizes=\"auto, (max-width: 640px) 100vw, 600px\" \/><\/span><\/div><\/div><\/div><div class=\"fusion-layout-column fusion_builder_column fusion-builder-column-4 fusion_builder_column_3_5 3_5 fusion-flex-column\" style=\"--awb-bg-size:cover;--awb-width-large:60%;--awb-margin-top-large:0px;--awb-spacing-right-large:3.2%;--awb-margin-bottom-large:0px;--awb-spacing-left-large:3.2%;--awb-width-medium:60%;--awb-order-medium:0;--awb-spacing-right-medium:3.2%;--awb-margin-bottom-medium:0px;--awb-spacing-left-medium:3.2%;--awb-width-small:100%;--awb-order-small:0;--awb-margin-top-small:25px;--awb-spacing-right-small:1.92%;--awb-spacing-left-small:1.92%;\"><div class=\"fusion-column-wrapper fusion-column-has-shadow fusion-flex-justify-content-flex-start fusion-content-layout-column\"><div class=\"fusion-title title fusion-title-2 fusion-sep-none fusion-title-text fusion-title-size-two\" style=\"--awb-text-color:var(--awb-color5);--awb-margin-bottom:35px;--awb-margin-bottom-small:35px;--awb-font-size:2em;\"><h2 class=\"fusion-title-heading title-heading-left sm-text-align-center fusion-responsive-typography-calculated\" style=\"margin:0;font-size:1em;--fontSize:36;line-height:var(--awb-typography2-line-height);\">Join us and be part of a franchise you\u2019ll be proud to call your own!<\/h2><\/div><div class=\"sm-text-align-center\"><a class=\"fusion-button button-flat fusion-button-default-size button-default fusion-button-default button-1 fusion-button-default-span fusion-button-default-type\" style=\"--button_margin-top:15px;\" target=\"_self\" href=\"http:\/\/quesada.ca\/get_started\/\"><span class=\"fusion-button-text awb-button__text awb-button__text--default\">Lancez-vous<\/span><\/a><\/div><\/div><\/div><\/div><\/div>\n<\/p>\n","protected":false},"excerpt":{"rendered":"","protected":false},"author":8,"featured_media":0,"parent":0,"menu_order":0,"comment_status":"closed","ping_status":"closed","template":"100-width.php","meta":{"_acf_changed":false,"footnotes":""},"class_list":["post-27728","page","type-page","status-publish","hentry"],"acf":[],"_links":{"self":[{"href":"https:\/\/quesada.ca\/fr\/wp-json\/wp\/v2\/pages\/27728","targetHints":{"allow":["GET"]}}],"collection":[{"href":"https:\/\/quesada.ca\/fr\/wp-json\/wp\/v2\/pages"}],"about":[{"href":"https:\/\/quesada.ca\/fr\/wp-json\/wp\/v2\/types\/page"}],"author":[{"embeddable":true,"href":"https:\/\/quesada.ca\/fr\/wp-json\/wp\/v2\/users\/8"}],"replies":[{"embeddable":true,"href":"https:\/\/quesada.ca\/fr\/wp-json\/wp\/v2\/comments?post=27728"}],"version-history":[{"count":5,"href":"https:\/\/quesada.ca\/fr\/wp-json\/wp\/v2\/pages\/27728\/revisions"}],"predecessor-version":[{"id":27733,"href":"https:\/\/quesada.ca\/fr\/wp-json\/wp\/v2\/pages\/27728\/revisions\/27733"}],"wp:attachment":[{"href":"https:\/\/quesada.ca\/fr\/wp-json\/wp\/v2\/media?parent=27728"}],"curies":[{"name":"wp","href":"https:\/\/api.w.org\/{rel}","templated":true}]}}