{"id":27824,"date":"2024-01-16T09:55:01","date_gmt":"2024-01-16T14:55:01","guid":{"rendered":"https:\/\/staging.quesada.ca\/cest-mexcellent\/"},"modified":"2024-10-09T04:57:16","modified_gmt":"2024-10-09T08:57:16","slug":"cest-mexcellent","status":"publish","type":"page","link":"https:\/\/quesada.ca\/fr\/cest-mexcellent\/","title":{"rendered":"C&rsquo;est MEXcellent"},"content":{"rendered":"<p><div class=\"fusion-fullwidth fullwidth-box fusion-builder-row-1 fusion-flex-container has-pattern-background has-mask-background fusion-parallax-none nonhundred-percent-fullwidth non-hundred-percent-height-scrolling\" style=\"--awb-background-position:left top;--awb-border-radius-top-left:0px;--awb-border-radius-top-right:0px;--awb-border-radius-bottom-right:0px;--awb-border-radius-bottom-left:0px;--awb-padding-top:25px;--awb-padding-bottom:50px;--awb-min-height:250px;--awb-background-image:url(&quot;http:\/\/quesada.ca\/wp-content\/uploads\/2024\/02\/bil_tothemexbanner-1.jpg&quot;);--awb-background-size:cover;--awb-flex-wrap:wrap;\" ><div class=\"fusion-builder-row fusion-row fusion-flex-align-items-flex-start fusion-flex-align-content-center fusion-flex-content-wrap\" style=\"max-width:1456px;margin-left: calc(-4% \/ 2 );margin-right: calc(-4% \/ 2 );\"><div class=\"fusion-layout-column fusion_builder_column fusion-builder-column-0 fusion_builder_column_1_1 1_1 fusion-flex-column\" style=\"--awb-bg-size:cover;--awb-width-large:100%;--awb-margin-top-large:0px;--awb-spacing-right-large:1.92%;--awb-margin-bottom-large:0px;--awb-spacing-left-large:1.92%;--awb-width-medium:100%;--awb-order-medium:0;--awb-spacing-right-medium:1.92%;--awb-spacing-left-medium:1.92%;--awb-width-small:100%;--awb-order-small:0;--awb-spacing-right-small:1.92%;--awb-spacing-left-small:1.92%;\"><div class=\"fusion-column-wrapper fusion-column-has-shadow fusion-flex-justify-content-flex-start fusion-content-layout-column\"><div class=\"fusion-title title fusion-title-1 fusion-sep-none fusion-title-center fusion-title-text fusion-title-size-three\" style=\"--awb-text-color:var(--awb-color1);--awb-margin-bottom:0px;--awb-margin-bottom-small:0px;--awb-text-stroke-size:0px;--awb-text-stroke-color:var(--awb-color1);\"><h3 class=\"fusion-title-heading title-heading-center fusion-responsive-typography-calculated\" style=\"margin:0;--fontSize:70;line-height:var(--awb-typography1-line-height);text-shadow:4px 4px 10px hsla(var(--awb-color8-h),var(--awb-color8-s),var(--awb-color8-l),calc(var(--awb-color8-a) - 40%));\">C&rsquo;est <span class=\"rotated-text\">Mex<\/span>cellent<\/h3><\/div><div class=\"fusion-title title fusion-title-2 fusion-sep-none fusion-title-center fusion-title-text fusion-title-size-one title-with-stroke\" style=\"--awb-text-color:var(--awb-color3);--awb-margin-top:-10px;--awb-margin-top-small:0px;--awb-text-stroke-size:0px;--awb-text-stroke-color:var(--awb-color1);\"><h1 class=\"fusion-title-heading title-heading-center fusion-responsive-typography-calculated\" style=\"margin:0;--fontSize:70;line-height:var(--awb-typography1-line-height);\">La promesse<\/h1><\/div><\/div><\/div><\/div><\/div><div class=\"fusion-fullwidth fullwidth-box fusion-builder-row-2 fusion-flex-container has-pattern-background has-mask-background fusion-parallax-none nonhundred-percent-fullwidth non-hundred-percent-height-scrolling\" style=\"--awb-background-position:center bottom;--awb-border-radius-top-left:0px;--awb-border-radius-top-right:0px;--awb-border-radius-bottom-right:0px;--awb-border-radius-bottom-left:0px;--awb-padding-top:75px;--awb-padding-bottom:75px;--awb-background-image:url(&quot;http:\/\/quesada.ca\/wp-content\/uploads\/2024\/01\/many-burritos.jpg&quot;);--awb-background-size:cover;--awb-flex-wrap:wrap;\" ><div class=\"fusion-builder-row fusion-row fusion-flex-align-items-center fusion-flex-content-wrap\" style=\"max-width:1456px;margin-left: calc(-4% \/ 2 );margin-right: calc(-4% \/ 2 );\"><div class=\"fusion-layout-column fusion_builder_column fusion-builder-column-1 fusion_builder_column_2_5 2_5 fusion-flex-column\" style=\"--awb-bg-size:cover;--awb-width-large:40%;--awb-margin-top-large:0px;--awb-spacing-right-large:4.8%;--awb-margin-bottom-large:0px;--awb-spacing-left-large:4.8%;--awb-width-medium:100%;--awb-order-medium:0;--awb-spacing-right-medium:1.92%;--awb-spacing-left-medium:1.92%;--awb-width-small:100%;--awb-order-small:0;--awb-spacing-right-small:1.92%;--awb-spacing-left-small:1.92%;\"><div class=\"fusion-column-wrapper fusion-column-has-shadow fusion-flex-justify-content-flex-start fusion-content-layout-column\"><div class=\"fusion-image-element \" style=\"text-align:center;--awb-margin-bottom:10px;--awb-max-width:500px;--awb-caption-title-font-family:var(--h2_typography-font-family);--awb-caption-title-font-weight:var(--h2_typography-font-weight);--awb-caption-title-font-style:var(--h2_typography-font-style);--awb-caption-title-size:var(--h2_typography-font-size);--awb-caption-title-transform:var(--h2_typography-text-transform);--awb-caption-title-line-height:var(--h2_typography-line-height);--awb-caption-title-letter-spacing:var(--h2_typography-letter-spacing);\"><span class=\" fusion-imageframe imageframe-none imageframe-1 hover-type-none\"><img loading=\"lazy\" decoding=\"async\" width=\"705\" height=\"385\" alt=\"Titre c&#039;est MEXcellent\" title=\"Titre c&rsquo;est MEXcellent\" src=\"http:\/\/quesada.ca\/wp-content\/uploads\/2024\/02\/cest-mexcellent.png\" class=\"img-responsive wp-image-27904\" srcset=\"https:\/\/quesada.ca\/wp-content\/uploads\/2024\/02\/cest-mexcellent-200x109.png 200w, https:\/\/quesada.ca\/wp-content\/uploads\/2024\/02\/cest-mexcellent-400x218.png 400w, https:\/\/quesada.ca\/wp-content\/uploads\/2024\/02\/cest-mexcellent-600x328.png 600w, https:\/\/quesada.ca\/wp-content\/uploads\/2024\/02\/cest-mexcellent.png 705w\" sizes=\"auto, (max-width: 640px) 100vw, 600px\" \/><\/span><\/div><div class=\"fusion-title title fusion-title-3 fusion-sep-none fusion-title-center fusion-title-text fusion-title-size-two\" style=\"--awb-text-color:var(--awb-color3);--awb-font-size:1.7em;\"><h2 class=\"fusion-title-heading title-heading-center fusion-responsive-typography-calculated\" style=\"font-family:&quot;ProximaNova-Bold&quot;;font-style:normal;font-weight:400;margin:0;letter-spacing:3px;font-size:1em;--fontSize:30.6;--minFontSize:30.6;line-height:var(--awb-typography2-line-height);\"><p>est de mettre tout<br \/>\n<span class=\"promise-small-text\">ce que nous avons dans tout ce que nous faisons.<\/span><\/p><\/h2><\/div><\/div><\/div><div class=\"fusion-layout-column fusion_builder_column fusion-builder-column-2 fusion_builder_column_3_5 3_5 fusion-flex-column\" style=\"--awb-bg-size:cover;--awb-width-large:60%;--awb-margin-top-large:0px;--awb-spacing-right-large:3.2%;--awb-margin-bottom-large:0px;--awb-spacing-left-large:3.2%;--awb-width-medium:100%;--awb-order-medium:0;--awb-margin-top-medium:50px;--awb-spacing-right-medium:1.92%;--awb-spacing-left-medium:1.92%;--awb-width-small:100%;--awb-order-small:0;--awb-spacing-right-small:1.92%;--awb-spacing-left-small:1.92%;\"><div class=\"fusion-column-wrapper fusion-column-has-shadow fusion-flex-justify-content-flex-start fusion-content-layout-column\"><div class=\"fusion-builder-row fusion-builder-row-inner fusion-row fusion-flex-align-items-center fusion-flex-content-wrap\" style=\"width:104% !important;max-width:104% !important;margin-left: calc(-4% \/ 2 );margin-right: calc(-4% \/ 2 );\"><div class=\"fusion-layout-column fusion_builder_column_inner fusion-builder-nested-column-0 fusion_builder_column_inner_1_1 1_1 fusion-flex-column\" style=\"--awb-bg-size:cover;--awb-width-large:100%;--awb-margin-top-large:0px;--awb-spacing-right-large:1.92%;--awb-margin-bottom-large:0px;--awb-spacing-left-large:1.92%;--awb-width-medium:100%;--awb-order-medium:0;--awb-spacing-right-medium:1.92%;--awb-spacing-left-medium:1.92%;--awb-width-small:100%;--awb-order-small:0;--awb-spacing-right-small:1.92%;--awb-spacing-left-small:1.92%;\"><div class=\"fusion-column-wrapper fusion-column-has-shadow fusion-flex-justify-content-flex-start fusion-content-layout-column\"><div class=\"fusion-title title fusion-title-4 fusion-sep-none fusion-title-text fusion-title-size-two\" style=\"--awb-text-color:var(--awb-color3);--awb-margin-bottom:0px;--awb-margin-bottom-small:0px;--awb-font-size:1.3em;\"><h2 class=\"fusion-title-heading title-heading-left fusion-responsive-typography-calculated\" style=\"font-family:&quot;ProximaNova-Bold&quot;;font-style:normal;font-weight:400;margin:0;letter-spacing:2px;font-size:1em;--fontSize:23.4;--minFontSize:23.4;line-height:var(--awb-typography2-line-height);\"><span class=\"brighter-text\">Pour le Mexique,<\/span> c&rsquo;est une mentalit\u00e9. un engagement&#8230;<\/h2><\/div><div class=\"fusion-title title fusion-title-5 fusion-sep-none fusion-title-text fusion-title-size-three\" style=\"--awb-text-color:var(--awb-color8);--awb-font-size:0.9em;\"><h3 class=\"fusion-title-heading title-heading-left fusion-responsive-typography-calculated\" style=\"font-family:&quot;ProximaNova-Bold&quot;;font-style:normal;font-weight:400;margin:0;letter-spacing:2px;font-size:1em;--fontSize:16.2;--minFontSize:16.2;line-height:var(--awb-typography1-line-height);\">Une \u00e9toile en forme de tortilla qui guide chacun de nos mouvements.<\/h3><\/div><\/div><\/div><div class=\"fusion-layout-column fusion_builder_column_inner fusion-builder-nested-column-1 fusion_builder_column_inner_1_1 1_1 fusion-flex-column\" style=\"--awb-padding-left:125px;--awb-padding-left-small:0px;--awb-bg-size:cover;--awb-width-large:100%;--awb-margin-top-large:40px;--awb-spacing-right-large:1.92%;--awb-margin-bottom-large:0px;--awb-spacing-left-large:1.92%;--awb-width-medium:100%;--awb-order-medium:0;--awb-spacing-right-medium:1.92%;--awb-spacing-left-medium:1.92%;--awb-width-small:100%;--awb-order-small:0;--awb-spacing-right-small:1.92%;--awb-spacing-left-small:1.92%;\"><div class=\"fusion-column-wrapper fusion-column-has-shadow fusion-flex-justify-content-flex-start fusion-content-layout-column\"><div class=\"fusion-title title fusion-title-6 fusion-sep-none fusion-title-text fusion-title-size-two\" style=\"--awb-text-color:var(--awb-color3);--awb-margin-bottom:0px;--awb-margin-bottom-small:0px;--awb-font-size:1.3em;\"><h2 class=\"fusion-title-heading title-heading-left fusion-responsive-typography-calculated\" style=\"font-family:&quot;ProximaNova-Bold&quot;;font-style:normal;font-weight:400;margin:0;letter-spacing:2px;font-size:1em;--fontSize:23.4;--minFontSize:23.4;line-height:var(--awb-typography2-line-height);\"><span class=\"brighter-text\">C&rsquo;est MEXcellent,<\/span> c&rsquo;est l&rsquo;\u00e9volution&#8230;<\/h2><\/div><div class=\"fusion-title title fusion-title-7 fusion-sep-none fusion-title-text fusion-title-size-three\" style=\"--awb-text-color:var(--awb-color8);--awb-font-size:0.9em;\"><h3 class=\"fusion-title-heading title-heading-left fusion-responsive-typography-calculated\" style=\"font-family:&quot;ProximaNova-Bold&quot;;font-style:normal;font-weight:400;margin:0;letter-spacing:2px;font-size:1em;--fontSize:16.2;--minFontSize:16.2;line-height:var(--awb-typography1-line-height);\">Une table sans fin o\u00f9 chaque id\u00e9e trouve sa place.<\/h3><\/div><\/div><\/div><div class=\"fusion-layout-column fusion_builder_column_inner fusion-builder-nested-column-2 fusion_builder_column_inner_1_1 1_1 fusion-flex-column\" style=\"--awb-padding-left:125px;--awb-padding-left-small:0px;--awb-bg-size:cover;--awb-width-large:100%;--awb-margin-top-large:40px;--awb-spacing-right-large:1.92%;--awb-margin-bottom-large:0px;--awb-spacing-left-large:1.92%;--awb-width-medium:100%;--awb-order-medium:0;--awb-spacing-right-medium:1.92%;--awb-spacing-left-medium:1.92%;--awb-width-small:100%;--awb-order-small:0;--awb-spacing-right-small:1.92%;--awb-spacing-left-small:1.92%;\"><div class=\"fusion-column-wrapper fusion-column-has-shadow fusion-flex-justify-content-flex-start fusion-content-layout-column\"><div class=\"fusion-title title fusion-title-8 fusion-sep-none fusion-title-text fusion-title-size-two\" style=\"--awb-text-color:var(--awb-color3);--awb-margin-bottom:0px;--awb-margin-bottom-small:0px;--awb-font-size:1.3em;\"><h2 class=\"fusion-title-heading title-heading-left fusion-responsive-typography-calculated\" style=\"font-family:&quot;ProximaNova-Bold&quot;;font-style:normal;font-weight:400;margin:0;letter-spacing:2px;font-size:1em;--fontSize:23.4;--minFontSize:23.4;line-height:var(--awb-typography2-line-height);\"><span class=\"brighter-text\">C&rsquo;est MEXcellent<\/span> est une exp\u00e9rience&#8230;<\/h2><\/div><div class=\"fusion-title title fusion-title-9 fusion-sep-none fusion-title-text fusion-title-size-three\" style=\"--awb-text-color:var(--awb-color8);--awb-font-size:0.9em;\"><h3 class=\"fusion-title-heading title-heading-left fusion-responsive-typography-calculated\" style=\"font-family:&quot;ProximaNova-Bold&quot;;font-style:normal;font-weight:400;margin:0;letter-spacing:2px;font-size:1em;--fontSize:16.2;--minFontSize:16.2;line-height:var(--awb-typography1-line-height);\">Qui brise les cha\u00eenes de ce que signifie \u00eatre une cha\u00eene.<\/h3><\/div><\/div><\/div><div class=\"fusion-layout-column fusion_builder_column_inner fusion-builder-nested-column-3 fusion_builder_column_inner_1_1 1_1 fusion-flex-column\" style=\"--awb-padding-left-small:0px;--awb-bg-size:cover;--awb-width-large:100%;--awb-margin-top-large:40px;--awb-spacing-right-large:1.92%;--awb-margin-bottom-large:0px;--awb-spacing-left-large:1.92%;--awb-width-medium:100%;--awb-order-medium:0;--awb-spacing-right-medium:1.92%;--awb-spacing-left-medium:1.92%;--awb-width-small:100%;--awb-order-small:0;--awb-spacing-right-small:1.92%;--awb-spacing-left-small:1.92%;\"><div class=\"fusion-column-wrapper fusion-column-has-shadow fusion-flex-justify-content-flex-start fusion-content-layout-column\"><div class=\"fusion-title title fusion-title-10 fusion-sep-none fusion-title-text fusion-title-size-two\" style=\"--awb-text-color:var(--awb-color3);--awb-margin-bottom:0px;--awb-margin-bottom-small:0px;--awb-font-size:1.3em;\"><h2 class=\"fusion-title-heading title-heading-left fusion-responsive-typography-calculated\" style=\"font-family:&quot;ProximaNova-Bold&quot;;font-style:normal;font-weight:400;margin:0;letter-spacing:2px;font-size:1em;--fontSize:23.4;--minFontSize:23.4;line-height:var(--awb-typography2-line-height);\"><span class=\"brighter-text\">MEXcellent<\/span>, c&rsquo;est la pr\u00e9paration \u00e0 la main&#8230;<\/h2><\/div><div class=\"fusion-title title fusion-title-11 fusion-sep-none fusion-title-text fusion-title-size-three\" style=\"--awb-text-color:var(--awb-color8);--awb-font-size:0.9em;\"><h3 class=\"fusion-title-heading title-heading-left fusion-responsive-typography-calculated\" style=\"font-family:&quot;ProximaNova-Bold&quot;;font-style:normal;font-weight:400;margin:0;letter-spacing:2px;font-size:1em;--fontSize:16.2;--minFontSize:16.2;line-height:var(--awb-typography1-line-height);\">de notre guac et la fabrication maison de nos salsas.<\/h3><\/div><\/div><\/div><\/div><\/div><\/div><\/div><\/div><div class=\"fusion-fullwidth fullwidth-box fusion-builder-row-3 fusion-flex-container has-pattern-background has-mask-background hundred-percent-fullwidth non-hundred-percent-height-scrolling\" style=\"--awb-border-radius-top-left:0px;--awb-border-radius-top-right:0px;--awb-border-radius-bottom-right:0px;--awb-border-radius-bottom-left:0px;--awb-padding-right:8%;--awb-padding-left:0px;--awb-padding-right-medium:0px;--awb-margin-top:-50px;--awb-margin-top-medium:0px;--awb-flex-wrap:wrap;\" ><div class=\"fusion-builder-row fusion-row fusion-flex-align-items-center fusion-flex-content-wrap\" style=\"width:104% !important;max-width:104% !important;margin-left: calc(-4% \/ 2 );margin-right: calc(-4% \/ 2 );\"><div class=\"fusion-layout-column fusion_builder_column fusion-builder-column-3 fusion_builder_column_1_3 1_3 fusion-flex-column\" style=\"--awb-bg-size:cover;--awb-width-large:33.333333333333%;--awb-margin-top-large:0px;--awb-spacing-right-large:5.76%;--awb-margin-bottom-large:0px;--awb-spacing-left-large:5.76%;--awb-width-medium:100%;--awb-order-medium:1;--awb-spacing-right-medium:1.92%;--awb-spacing-left-medium:1.92%;--awb-width-small:100%;--awb-order-small:1;--awb-spacing-right-small:1.92%;--awb-spacing-left-small:1.92%;\"><div class=\"fusion-column-wrapper fusion-column-has-shadow fusion-flex-justify-content-flex-start fusion-content-layout-column\"><div class=\"fusion-image-element \" style=\"--awb-caption-title-font-family:var(--h2_typography-font-family);--awb-caption-title-font-weight:var(--h2_typography-font-weight);--awb-caption-title-font-style:var(--h2_typography-font-style);--awb-caption-title-size:var(--h2_typography-font-size);--awb-caption-title-transform:var(--h2_typography-text-transform);--awb-caption-title-line-height:var(--h2_typography-line-height);--awb-caption-title-letter-spacing:var(--h2_typography-letter-spacing);\"><span class=\" fusion-imageframe imageframe-none imageframe-2 hover-type-none\"><img loading=\"lazy\" decoding=\"async\" width=\"641\" height=\"941\" alt=\"La cuisine mexicaine de Quesada sur une table\" title=\"La cuisine mexicaine de Quesada sur une table\" src=\"http:\/\/quesada.ca\/wp-content\/uploads\/2024\/01\/mexican-food-1.png\" class=\"img-responsive wp-image-27226\" srcset=\"https:\/\/quesada.ca\/wp-content\/uploads\/2024\/01\/mexican-food-1-200x294.png 200w, https:\/\/quesada.ca\/wp-content\/uploads\/2024\/01\/mexican-food-1-400x587.png 400w, https:\/\/quesada.ca\/wp-content\/uploads\/2024\/01\/mexican-food-1-600x881.png 600w, https:\/\/quesada.ca\/wp-content\/uploads\/2024\/01\/mexican-food-1.png 641w\" sizes=\"auto, (max-width: 640px) 100vw, 600px\" \/><\/span><\/div><\/div><\/div><div class=\"fusion-layout-column fusion_builder_column fusion-builder-column-4 fusion_builder_column_2_3 2_3 fusion-flex-column\" style=\"--awb-padding-left:150px;--awb-padding-right-medium:30px;--awb-padding-left-medium:30px;--awb-bg-size:cover;--awb-width-large:66.666666666667%;--awb-margin-top-large:75px;--awb-spacing-right-large:2.88%;--awb-margin-bottom-large:75px;--awb-spacing-left-large:2.88%;--awb-width-medium:100%;--awb-order-medium:0;--awb-spacing-right-medium:1.92%;--awb-margin-bottom-medium:0px;--awb-spacing-left-medium:1.92%;--awb-width-small:100%;--awb-order-small:0;--awb-margin-top-small:25px;--awb-spacing-right-small:1.92%;--awb-spacing-left-small:1.92%;\"><div class=\"fusion-column-wrapper fusion-column-has-shadow fusion-flex-justify-content-flex-start fusion-content-layout-column\"><div class=\"fusion-title title fusion-title-12 fusion-sep-none fusion-title-text fusion-title-size-two\" style=\"--awb-text-color:var(--awb-color5);--awb-margin-bottom:25px;--awb-margin-bottom-small:25px;\"><h2 class=\"fusion-title-heading title-heading-left fusion-responsive-typography-calculated\" style=\"margin:0;--fontSize:56;line-height:var(--awb-typography2-line-height);\">\u00c0 propos de nous<\/h2><\/div><div class=\"fusion-text fusion-text-1\"><p>Cha\u00eene de restauration rapide mexicaine 100% canadienne. Fond\u00e9e en 2004 par Steve Gill, elle compte aujourd&rsquo;hui des restaurants d&rsquo;un oc\u00e9an \u00e0 l&rsquo;autre. Tous nos restaurants sont fiers de servir chaque jour \u00e0 des milliers de clients des burritos et des tacos accompagn\u00e9s de salsa et de guacamole frais faits maison. Notre menu est d&rsquo;inspiration mexicaine, offrant \u00e0 nos clients une occasion unique de vivre une exp\u00e9rience gastronomique \u00a0\u00bb MEXcellent \u00ab\u00a0.<\/p>\n<\/div><\/div><\/div><\/div><\/div><\/p>\n","protected":false},"excerpt":{"rendered":"","protected":false},"author":8,"featured_media":0,"parent":0,"menu_order":0,"comment_status":"closed","ping_status":"closed","template":"100-width.php","meta":{"_acf_changed":false,"footnotes":""},"class_list":["post-27824","page","type-page","status-publish","hentry"],"acf":[],"_links":{"self":[{"href":"https:\/\/quesada.ca\/fr\/wp-json\/wp\/v2\/pages\/27824","targetHints":{"allow":["GET"]}}],"collection":[{"href":"https:\/\/quesada.ca\/fr\/wp-json\/wp\/v2\/pages"}],"about":[{"href":"https:\/\/quesada.ca\/fr\/wp-json\/wp\/v2\/types\/page"}],"author":[{"embeddable":true,"href":"https:\/\/quesada.ca\/fr\/wp-json\/wp\/v2\/users\/8"}],"replies":[{"embeddable":true,"href":"https:\/\/quesada.ca\/fr\/wp-json\/wp\/v2\/comments?post=27824"}],"version-history":[{"count":9,"href":"https:\/\/quesada.ca\/fr\/wp-json\/wp\/v2\/pages\/27824\/revisions"}],"predecessor-version":[{"id":28360,"href":"https:\/\/quesada.ca\/fr\/wp-json\/wp\/v2\/pages\/27824\/revisions\/28360"}],"wp:attachment":[{"href":"https:\/\/quesada.ca\/fr\/wp-json\/wp\/v2\/media?parent=27824"}],"curies":[{"name":"wp","href":"https:\/\/api.w.org\/{rel}","templated":true}]}}